{"id":1681,"date":"2025-12-01T14:29:14","date_gmt":"2025-12-01T06:29:14","guid":{"rendered":"https:\/\/plastic-recycled.com\/?page_id=1681"},"modified":"2026-01-03T11:04:49","modified_gmt":"2026-01-03T03:04:49","slug":"styrofoam-recycling-in-meiner-nahe","status":"publish","type":"page","link":"https:\/\/plastic-recycled.com\/de\/styrofoam-recycling-in-meiner-nahe\/","title":{"rendered":"Styropor-Recycling in meiner N\u00e4he"},"content":{"rendered":"<style>\n  \/* \u5bb9\u5668\u6837\u5f0f *\/\n  .eps-article-wrapper {\n    color: #1d1d1f;\n    line-height: 1.6;\n    max-width: 1200px; \/* \u7a0d\u5fae\u589e\u52a0\u5bbd\u5ea6\u4ee5\u9002\u5e94\u5730\u56fe\u76ee\u5f55 *\/\n    margin: 0 auto;\n    padding: 20px 0;\n  }\n\n  \/* \u6807\u9898\u6837\u5f0f *\/\n  .eps-article-wrapper h2 {\n    font-size: 28px;\n    font-weight: 600;\n    color: #1d1d1f;\n    margin-top: 40px;\n    margin-bottom: 20px;\n    letter-spacing: -0.015em;\n  }\n\n  .eps-article-wrapper h3 {\n    font-size: 22px;\n    font-weight: 500;\n    margin-top: 25px;\n    margin-bottom: 15px;\n  }\n\n  .eps-article-wrapper p {\n    font-size: 17px;\n    margin-bottom: 24px;\n    color: #424245;\n    font-weight: 400;\n  }\n\n  .eps-article-wrapper .highlight-text {\n    color: #62ab66;\n    font-weight: 600;\n  }\n\n  \/* \u901a\u7528\u5361\u7247\u6837\u5f0f *\/\n  .eps-card {\n    background: #fbfbfd;\n    border-radius: 18px;\n    padding: 40px;\n    margin: 40px 0;\n    box-shadow: 0 4px 20px rgba(0, 0, 0, 0.04);\n    border: 1px solid rgba(0, 0, 0, 0.04);\n  }\n\n  \/* \u5730\u56fe\u4e13\u7528\u5361\u7247 - \u79fb\u9664\u5185\u8fb9\u8ddd\u4ee5\u6700\u5927\u5316\u5bbd\u5ea6 *\/\n  .eps-card-map {\n    background: #fff;\n    border-radius: 18px;\n    padding: 0; \/* \u79fb\u9664\u5185\u8fb9\u8ddd *\/\n    margin: 40px 0;\n    box-shadow: 0 8px 30px rgba(0, 0, 0, 0.12);\n    overflow: hidden; \/* \u9632\u6b62\u5706\u89d2\u6ea2\u51fa *\/\n    border: 1px solid rgba(0, 0, 0, 0.04);\n  }\n\n  .eps-map-header {\n    padding: 30px 40px 10px 40px;\n    background: #fbfbfd;\n    border-bottom: 1px solid #eee;\n  }\n\n  \/* \u5730\u56fe Iframe *\/\n  .eps-map-frame {\n    width: 100%;\n    height: 650px; \/* \u589e\u52a0\u9ad8\u5ea6 *\/\n    border: none;\n    display: block;\n  }\n\n  \/* \u6309\u94ae\u6837\u5f0f *\/\n  .eps-btn {\n    display: inline-block;\n    background-color: #62ab66;\n    color: #ffffff;\n    padding: 14px 30px;\n    font-size: 17px;\n    font-weight: 500;\n    border-radius: 980px;\n    text-decoration: none;\n    transition: all 0.3s ease;\n    margin-top: 10px;\n    border: 1px solid transparent;\n  }\n\n  .eps-btn:hover {\n    background-color: #519054;\n    transform: scale(1.02);\n    box-shadow: 0 4px 12px rgba(98, 171, 102, 0.3);\n    color: #fff;\n  }\n\n  \/* \u5217\u8868\u6837\u5f0f *\/\n  .eps-list {\n    list-style: none;\n    padding: 0;\n    margin: 20px 0;\n  }\n\n  .eps-list li {\n    position: relative;\n    padding-left: 30px;\n    margin-bottom: 15px;\n    font-size: 17px;\n    color: #424245;\n  }\n\n  .eps-list li::before {\n    content: \"\u2713\";\n    position: absolute;\n    left: 0;\n    color: #62ab66;\n    font-weight: bold;\n    font-size: 18px;\n  }\n\n  \/* \u79fb\u52a8\u7aef\u9002\u914d *\/\n  @media (max-width: 768px) {\n    .eps-card { padding: 24px; }\n    .eps-map-header { padding: 24px; }\n    .eps-map-frame { height: 500px; }\n    \/* \u63d0\u793a\u7528\u6237\u5728\u79fb\u52a8\u7aef\u5982\u4f55\u67e5\u770b\u5217\u8868 *\/\n    .mobile-map-hint { display: block !important; }\n  }\n  \n  .mobile-map-hint {\n    display: none;\n    font-size: 13px;\n    color: #86868b;\n    margin-top: 10px;\n    font-style: italic;\n  }\n<\/style>\n\n<div class=\"eps-article-wrapper\">\n\n  <p>Die meisten Menschen nennen es \u201cStyrofoam\u201d, aber in der Recycling-Branche kennen wir es als <strong>Expandierter Polystyrol (EPS)<\/strong>. W\u00e4hrend Styrofoam\u2122 eigentlich eine eingetragene Marke f\u00fcr Baumisolierung ist, ist der wei\u00dfe Schaumstoff, der in Verpackungen und Lebensmittelbeh\u00e4ltern verwendet wird, ein Material, das eine erhebliche Umwelt darstellt - aber auch eine enorme Chancen bietet.<\/p>\n\n  <p>Wussten Sie, dass EPS \u00fcber <strong>500 Jahre<\/strong> zum Abbau auf einer Deponie ben\u00f6tigt? Wenn es sich in Mikroplastik aufl\u00f6st, bedroht es Wildtiere und verschmutzt unsere \u00d6kosysteme. Derzeit wird nur etwa 30% von EPS in Regionen mit zug\u00e4nglichen Programmen recycelt. Wir sind hier, um diese Statistik zu \u00e4ndern.<\/p>\n\n  <!-- \u5730\u56fe\u90e8\u5206\uff1a\u4f18\u5316\u5e03\u5c40 -->\n  <div class=\"eps-card-map\">\n    <div class=\"eps-map-header\">\n      <h2 style=\"margin-top: 0; margin-bottom: 10px;\">Finden Sie Styrofoam-Recycling in Ihrer N\u00e4he<\/h2>\n      <p style=\"margin-bottom: 10px; font-size: 16px;\">Verwenden Sie die Karte unten, um zertifizierte Recycling-Einrichtungen zu finden. <span class=\"mobile-map-hint\">(Auf mobilen Ger\u00e4ten klicken Sie unten auf der Karte auf \u201cListe anzeigen\u201d, um das Verzeichnis zu sehen.)<\/span><\/p>\n    <\/div>\n    \n    <!-- \u5d4c\u5165\u5730\u56fe\uff1a100% \u5bbd\u5ea6\uff0c\u65e0 Padding -->\n    <iframe class=\"eps-map-frame\" src=\"https:\/\/batchgeo.com\/map\/EPSRecyclingMap\" title=\"Styrofoam (EPS) Recycling-Standortkarte\"><\/iframe>\n  <\/div>\n\n  <h2>Warum das Recycling von EPS ein kluges Gesch\u00e4ftsman\u00f6ver ist<\/h2>\n  <p>Der Mythos, dass \u201cStyrofoam nicht recycelbar ist\u201d, ist veraltet. Tats\u00e4chlich besteht EPS zu 98% aus Luft und zu 2% aus Kunststoff. Das Problem liegt nicht im Material selbst, sondern in der Logistik. Der Transport von Luft ist teuer.<\/p>\n  \n  <p>Hier kommen wir ins Spiel. Wir setzen uns nicht nur f\u00fcr das Recycling ein; <span class=\"highlight-text\">wir bieten die Technologie an, um es profitabel zu machen.<\/span><\/p>\n\n  <p>F\u00fcr Unternehmen, Lagerh\u00e4user und Gemeinden, die gro\u00dfe Mengen an Schaumstoffabfall erzeugen, ist das einfache Wegwerfen finanziell ein Verlust. Die Kosten f\u00fcr die Abfallentsorgung steigen, und Deponieverbote werden h\u00e4ufiger. Wir bieten einen besseren Weg.<\/p>\n\n  <h3>Partner mit uns f\u00fcr ma\u00dfgeschneiderte L\u00f6sungen<\/h3>\n  <p>Ob Sie fortschrittliche Recycling-Maschinen oder eine umfassende Abfallstrategie ben\u00f6tigen, unser Team liefert industrietaugliche L\u00f6sungen, die f\u00fcr Effizienz konzipiert sind.<\/p>\n  \n  <ul class=\"eps-list\">\n    <li><strong>Fortgeschrittene Verdichtungstechnologie:<\/strong> Unsere Anlage verdichtet lockeren Schaumstoff zu dichten Bl\u00f6cken (Ingot), reduziert das Volumen bis zu 90:1.<\/li>\n    <li><strong>Machen Sie aus Abfall Einnahmen:<\/strong> Zahlen Sie nicht daf\u00fcr, es wegzuschmei\u00dfen. Verdichtetes EPS ist eine wertvolle Ware, die verkauft und in neue Produkte wie Bilderrahmen und Formteile umgewertet werden kann.<\/li>\n    <li><strong>Auf Ihre Gr\u00f6\u00dfe zugeschnitten:<\/strong> Von kleinen Einzelhandels-Back-of-House-Betrieben bis hin zu gro\u00dfindustriellen Anlagen haben wir die richtige L\u00f6sung f\u00fcr Ihren Bedarf.<\/li>\n    <li><strong>Volle Compliance &amp; Nachhaltigkeit:<\/strong> Erreichen Sie Ihre unternehmerischen ESG-Ziele und erf\u00fcllen Sie lokale Umweltvorschriften m\u00fchelos.<\/li>\n  <\/ul>\n\n  <div class=\"eps-card\" style=\"text-align: center; background-color: #f5fbf6; border-color: #62ab66;\">\n    <h2 style=\"margin-top: 0; color: #1d1d1f;\">Bereit, Ihren Abfallstrom zu optimieren?<\/h2>\n    <p>Lassen Sie wertvolles Material nicht Ihre Container f\u00fcllen. Wenn Sie gro\u00dfe Mengen Styrofoam zu verarbeiten haben, kontaktieren Sie unsere Experten noch heute. Lassen Sie uns helfen, eine Entsorgungskosten in einen Nachhaltigkeitswert zu verwandeln.<\/p>\n    <br>\n    <a href=\"\/de\/pages\/kontakt\/\" class=\"eps-btn\">Holen Sie sich Ihre ma\u00dfgeschneiderte Recycling-L\u00f6sung<\/a>\n  <\/div>\n\n<\/div>","protected":false},"excerpt":{"rendered":"<p>Most people call it &#8220;Styrofoam,&#8221; but in the recycling industry, we know it as Expanded Polystyrene (EPS). While Styrofoam\u2122 is actually a trademarked brand for construction insulation, the white foam used in packaging and food containers is a material that poses a significant environmental challenge\u2014but also presents a tremendous opportunity. Did you know that EPS [&#8230;]\n","protected":false},"author":1,"featured_media":0,"parent":0,"menu_order":0,"comment_status":"closed","ping_status":"closed","template":"page-blank-title-center.php","meta":{"footnotes":""},"class_list":["post-1681","page","type-page","status-publish","hentry"],"_links":{"self":[{"href":"https:\/\/plastic-recycled.com\/de\/wp-json\/wp\/v2\/pages\/1681","targetHints":{"allow":["GET"]}}],"collection":[{"href":"https:\/\/plastic-recycled.com\/de\/wp-json\/wp\/v2\/pages"}],"about":[{"href":"https:\/\/plastic-recycled.com\/de\/wp-json\/wp\/v2\/types\/page"}],"author":[{"embeddable":true,"href":"https:\/\/plastic-recycled.com\/de\/wp-json\/wp\/v2\/users\/1"}],"replies":[{"embeddable":true,"href":"https:\/\/plastic-recycled.com\/de\/wp-json\/wp\/v2\/comments?post=1681"}],"version-history":[{"count":0,"href":"https:\/\/plastic-recycled.com\/de\/wp-json\/wp\/v2\/pages\/1681\/revisions"}],"wp:attachment":[{"href":"https:\/\/plastic-recycled.com\/de\/wp-json\/wp\/v2\/media?parent=1681"}],"curies":[{"name":"wp","href":"https:\/\/api.w.org\/{rel}","templated":true}]}}