{"id":87,"date":"2013-08-11T19:06:15","date_gmt":"2013-08-11T19:06:15","guid":{"rendered":"http:\/\/localhost:8888\/test\/?page_id=520"},"modified":"2024-06-16T20:32:20","modified_gmt":"2024-06-16T12:32:20","slug":"uber","status":"publish","type":"page","link":"https:\/\/plastic-recycled.com\/de\/uber\/","title":{"rendered":"\u00dcber"},"content":{"rendered":"<div class=\"banner has-hover has-parallax\" id=\"banner-434011688\">\n          <div class=\"banner-inner fill\">\n        <div class=\"banner-bg fill\" data-parallax=\"-3\" data-parallax-container=\".banner\" data-parallax-background>\n            <img loading=\"lazy\" decoding=\"async\" width=\"1000\" height=\"650\" src=\"https:\/\/plastic-recycled.com\/wp-content\/uploads\/2016\/08\/dummy-2.jpg\" class=\"bg attachment-large size-large\" alt=\"\" \/>                        <div class=\"overlay\"><\/div>            \n                    <\/div>\n\t\t\n        <div class=\"banner-layers container\">\n            <div class=\"fill banner-link\"><\/div>            \n\n   <div id=\"text-box-2036672827\" class=\"text-box banner-layer x50 md-x50 lg-x50 y80 md-y80 lg-y80 res-text\">\n                                <div class=\"text-box-content text dark\">\n              \n              <div class=\"text-inner text-center\">\n                  \n\n<h1 class=\"lead\">\u00dcber uns<\/h1>\n<p>Damao \u2013 Ihr Partner f\u00fcr nachhaltigen Schutz<\/p>\n\n              <\/div>\n           <\/div>\n                            \n<style>\n#text-box-2036672827 {\n  width: 60%;\n}\n#text-box-2036672827 .text-box-content {\n  font-size: 100%;\n}\n<\/style>\n    <\/div>\n \n\n        <\/div>\n      <\/div>\n\n            \n<style>\n#banner-434011688 {\n  padding-top: 507px;\n}\n#banner-434011688 .overlay {\n  background-color: rgba(0, 0, 0, 0.49);\n}\n<\/style>\n  <\/div>\n\n\n<div class=\"row\"  id=\"row-173885778\">\n\n\n\t<div id=\"col-2072463090\" class=\"col small-12 large-12\"  >\n\t\t\t\t<div class=\"col-inner\"  >\n\t\t\t\n\t\t\t\n\n<div>Damao ist ein f\u00fchrender Hersteller und Lieferant von hochwertigen, biologisch abbaubarer pers\u00f6nlicher Schutzausr\u00fcstung (PPE) und umweltfreundlichen Produkten. Weltweit bekannt, ist unsere Marke ein Synonym f\u00fcr Exzellenz und herausragenden Kundenservice.<\/div>\n<div>\u00a0<\/div>\n<div>Mit umfassender Erfahrung in den Bereichen Reinigung, Gastronomie, Lebensmittelverarbeitung, Medizin und Umwelt haben wir einen Ruf f\u00fcr Zuverl\u00e4ssigkeit und \u00fcberlegene Qualit\u00e4t aufgebaut. Unsere Produkte werden mit innovativen Technologien und strengen Qualit\u00e4tskontrollprozessen hergestellt, um die h\u00f6chsten Umwelt- und Sicherheitsstandards zu erf\u00fcllen.<\/div>\n<div>\u00a0<\/div>\n<div>Wir sind stolz auf unsere Flexibilit\u00e4t und Reaktionsf\u00e4higkeit auf die besonderen Anforderungen unserer Kunden. Ob kleine Chargen oder gro\u00dfvolumige Produktion, Damao ist in der Lage, p\u00fcnktlich zu liefern und Ihre Erwartungen zu \u00fcbertreffen.<\/div>\n<div>\u00a0<\/div>\n<div>Bei Damao erkennen wir die entscheidende Bedeutung von Innovation in einem wettbewerbsintensiven Markt. Wir setzen kontinuierlich unsere Forschungs- und Entwicklungsanstrengungen fort, um Ihnen hochmodische biologisch abbaubare Produkte zu bieten, die nicht nur Menschen sch\u00fctzen, sondern auch den Planeten.<\/div>\n<div>\u00a0<\/div>\n<div>Unser Engagement f\u00fcr unsere Kunden ist unersch\u00fctterlich. Wir bem\u00fchen uns, dauerhafte Beziehungen auf gegenseitigem Vertrauen und Respekt aufzubauen. W\u00e4hlen Sie Damao f\u00fcr alle Ihre umweltfreundlichen PPE-Bed\u00fcrfnisse und genie\u00dfen Sie das Vertrauen, mit einem Unternehmen zu kooperieren, das Ihre Sicherheit und Umweltintegrit\u00e4t priorisiert.<\/div>\n<div class=\"text-center\"><div class=\"is-divider divider clearfix\" ><\/div><\/div>\n\n\n\t\t<\/div>\n\t\t\t\t\t<\/div>\n\n\t\n\n<\/div>\n<div class=\"row\"  id=\"row-969538590\">\n\n\n\t<div id=\"col-364577665\" class=\"col small-12 large-12\"  >\n\t\t\t\t<div class=\"col-inner\"  >\n\t\t\t\n\t\t\t\n\n<div class=\"video video-fit mb\" style=\"padding-top:56.25%;\"><iframe loading=\"lazy\" title=\"Unsere Fabrik Damao Protective\" width=\"1020\" height=\"574\" src=\"https:\/\/www.youtube.com\/embed\/wyFooeOQDSg?feature=oembed\" frameborder=\"0\" allow=\"accelerometer; autoplay; clipboard-write; encrypted-media; gyroscope; picture-in-picture; web-share\" referrerpolicy=\"strict-origin-when-cross-origin\" allowfullscreen><\/iframe><\/div>\n\n\n\t\t<\/div>\n\t\t\t\t\t<\/div>\n\n\t\n\n<\/div>","protected":false},"excerpt":{"rendered":"","protected":false},"author":1,"featured_media":9,"parent":0,"menu_order":0,"comment_status":"closed","ping_status":"closed","template":"page-transparent-header-light.php","meta":{"footnotes":""},"class_list":["post-87","page","type-page","status-publish","has-post-thumbnail","hentry"],"_links":{"self":[{"href":"https:\/\/plastic-recycled.com\/de\/wp-json\/wp\/v2\/pages\/87","targetHints":{"allow":["GET"]}}],"collection":[{"href":"https:\/\/plastic-recycled.com\/de\/wp-json\/wp\/v2\/pages"}],"about":[{"href":"https:\/\/plastic-recycled.com\/de\/wp-json\/wp\/v2\/types\/page"}],"author":[{"embeddable":true,"href":"https:\/\/plastic-recycled.com\/de\/wp-json\/wp\/v2\/users\/1"}],"replies":[{"embeddable":true,"href":"https:\/\/plastic-recycled.com\/de\/wp-json\/wp\/v2\/comments?post=87"}],"version-history":[{"count":0,"href":"https:\/\/plastic-recycled.com\/de\/wp-json\/wp\/v2\/pages\/87\/revisions"}],"wp:featuredmedia":[{"embeddable":true,"href":"https:\/\/plastic-recycled.com\/de\/wp-json\/wp\/v2\/media\/9"}],"wp:attachment":[{"href":"https:\/\/plastic-recycled.com\/de\/wp-json\/wp\/v2\/media?parent=87"}],"curies":[{"name":"wp","href":"https:\/\/api.w.org\/{rel}","templated":true}]}}