{"id":1681,"date":"2025-12-01T14:29:14","date_gmt":"2025-12-01T06:29:14","guid":{"rendered":"https:\/\/plastic-recycled.com\/?page_id=1681"},"modified":"2026-01-03T11:04:49","modified_gmt":"2026-01-03T03:04:49","slug":"reciclaje-de-espuma-de-poliestireno-cerca-de-mi","status":"publish","type":"page","link":"https:\/\/plastic-recycled.com\/es\/reciclaje-de-espuma-de-poliestireno-cerca-de-mi\/","title":{"rendered":"Reciclaje de espuma de poliestireno cerca de m\u00ed"},"content":{"rendered":"<style>\n  \/* \u5bb9\u5668\u6837\u5f0f *\/\n  .eps-article-wrapper {\n    color: #1d1d1f;\n    line-height: 1.6;\n    max-width: 1200px; \/* \u7a0d\u5fae\u589e\u52a0\u5bbd\u5ea6\u4ee5\u9002\u5e94\u5730\u56fe\u76ee\u5f55 *\/\n    margin: 0 auto;\n    padding: 20px 0;\n  }\n\n  \/* \u6807\u9898\u6837\u5f0f *\/\n  .eps-article-wrapper h2 {\n    font-size: 28px;\n    font-weight: 600;\n    color: #1d1d1f;\n    margin-top: 40px;\n    margin-bottom: 20px;\n    letter-spacing: -0.015em;\n  }\n\n  .eps-article-wrapper h3 {\n    font-size: 22px;\n    font-weight: 500;\n    margin-top: 25px;\n    margin-bottom: 15px;\n  }\n\n  .eps-article-wrapper p {\n    font-size: 17px;\n    margin-bottom: 24px;\n    color: #424245;\n    font-weight: 400;\n  }\n\n  .eps-article-wrapper .highlight-text {\n    color: #62ab66;\n    font-weight: 600;\n  }\n\n  \/* \u901a\u7528\u5361\u7247\u6837\u5f0f *\/\n  .eps-card {\n    background: #fbfbfd;\n    border-radius: 18px;\n    padding: 40px;\n    margin: 40px 0;\n    box-shadow: 0 4px 20px rgba(0, 0, 0, 0.04);\n    border: 1px solid rgba(0, 0, 0, 0.04);\n  }\n\n  \/* \u5730\u56fe\u4e13\u7528\u5361\u7247 - \u79fb\u9664\u5185\u8fb9\u8ddd\u4ee5\u6700\u5927\u5316\u5bbd\u5ea6 *\/\n  .eps-card-map {\n    background: #fff;\n    border-radius: 18px;\n    padding: 0; \/* \u79fb\u9664\u5185\u8fb9\u8ddd *\/\n    margin: 40px 0;\n    box-shadow: 0 8px 30px rgba(0, 0, 0, 0.12);\n    overflow: hidden; \/* \u9632\u6b62\u5706\u89d2\u6ea2\u51fa *\/\n    border: 1px solid rgba(0, 0, 0, 0.04);\n  }\n\n  .eps-map-header {\n    padding: 30px 40px 10px 40px;\n    background: #fbfbfd;\n    border-bottom: 1px solid #eee;\n  }\n\n  \/* \u5730\u56fe Iframe *\/\n  .eps-map-frame {\n    width: 100%;\n    height: 650px; \/* \u589e\u52a0\u9ad8\u5ea6 *\/\n    border: none;\n    display: block;\n  }\n\n  \/* \u6309\u94ae\u6837\u5f0f *\/\n  .eps-btn {\n    display: inline-block;\n    background-color: #62ab66;\n    color: #ffffff;\n    padding: 14px 30px;\n    font-size: 17px;\n    font-weight: 500;\n    border-radius: 980px;\n    text-decoration: none;\n    transition: all 0.3s ease;\n    margin-top: 10px;\n    border: 1px solid transparent;\n  }\n\n  .eps-btn:hover {\n    background-color: #519054;\n    transform: scale(1.02);\n    box-shadow: 0 4px 12px rgba(98, 171, 102, 0.3);\n    color: #fff;\n  }\n\n  \/* \u5217\u8868\u6837\u5f0f *\/\n  .eps-list {\n    list-style: none;\n    padding: 0;\n    margin: 20px 0;\n  }\n\n  .eps-list li {\n    position: relative;\n    padding-left: 30px;\n    margin-bottom: 15px;\n    font-size: 17px;\n    color: #424245;\n  }\n\n  .eps-list li::before {\n    content: \"\u2713\";\n    position: absolute;\n    left: 0;\n    color: #62ab66;\n    font-weight: bold;\n    font-size: 18px;\n  }\n\n  \/* \u79fb\u52a8\u7aef\u9002\u914d *\/\n  @media (max-width: 768px) {\n    .eps-card { padding: 24px; }\n    .eps-map-header { padding: 24px; }\n    .eps-map-frame { height: 500px; }\n    \/* \u63d0\u793a\u7528\u6237\u5728\u79fb\u52a8\u7aef\u5982\u4f55\u67e5\u770b\u5217\u8868 *\/\n    .mobile-map-hint { display: block !important; }\n  }\n  \n  .mobile-map-hint {\n    display: none;\n    font-size: 13px;\n    color: #86868b;\n    margin-top: 10px;\n    font-style: italic;\n  }\n<\/style>\n\n<div class=\"eps-article-wrapper\">\n\n  <p>La mayor\u00eda de la gente lo llama \u201cespuma de poliestireno\u201d, pero en el sector del reciclaje lo conocemos como <strong>Poliestireno expandido (EPS)<\/strong>. Aunque Styrofoam\u2122 es en realidad una marca registrada de aislamiento para la construcci\u00f3n, la espuma blanca utilizada en envases y recipientes de alimentos es un material que plantea un importante reto medioambiental, pero tambi\u00e9n una enorme oportunidad.<\/p>\n\n  <p>\u00bfSab\u00edas que la EPS puede hacerse cargo <strong>500 a\u00f1os<\/strong> descomponerse en un vertedero? Al descomponerse en micropl\u00e1sticos, amenaza la vida salvaje y contamina nuestros ecosistemas. En la actualidad, s\u00f3lo se reciclan unas 30% de EPS en regiones con programas accesibles. Estamos aqu\u00ed para cambiar esa estad\u00edstica.<\/p>\n\n  <!-- \u5730\u56fe\u90e8\u5206\uff1a\u4f18\u5316\u5e03\u5c40 -->\n  <div class=\"eps-card-map\">\n    <div class=\"eps-map-header\">\n      <h2 style=\"margin-top: 0; margin-bottom: 10px;\">Encuentre el reciclaje de espuma de poliestireno m\u00e1s cercano<\/h2>\n      <p style=\"margin-bottom: 10px; font-size: 16px;\">Utilice el siguiente mapa para localizar las instalaciones de reciclaje certificadas. <span class=\"mobile-map-hint\">(En dispositivos m\u00f3viles, pulse \u201cVer lista\u201d en la parte inferior del mapa para ver el directorio).<\/span><\/p>\n    <\/div>\n    \n    <!-- \u5d4c\u5165\u5730\u56fe\uff1a100% \u5bbd\u5ea6\uff0c\u65e0 Padding -->\n    <iframe class=\"eps-map-frame\" src=\"https:\/\/batchgeo.com\/map\/EPSRecyclingMap\" title=\"Mapa de puntos de reciclaje de espuma de poliestireno expandido (EPS)\"><\/iframe>\n  <\/div>\n\n  <h2>Por qu\u00e9 reciclar EPS es una decisi\u00f3n empresarial inteligente<\/h2>\n  <p>El mito de que \u201cla espuma de poliestireno no es reciclable\u201d es obsoleto. De hecho, el EPS es 98% de aire y 2% de pl\u00e1stico. El problema no es el material en s\u00ed, sino la log\u00edstica. Transportar aire es caro.<\/p>\n  \n  <p>Aqu\u00ed es donde entramos nosotros. No solo abogamos por el reciclaje; <span class=\"highlight-text\">proporcionamos la tecnolog\u00eda para hacerlo rentable.<\/span><\/p>\n\n  <p>Para las empresas, almacenes y municipios que generan grandes vol\u00famenes de residuos de espuma, el simple hecho de tirarlos supone una p\u00e9rdida econ\u00f3mica. Las tarifas de transporte de residuos suben y las prohibiciones de vertido aumentan. Nosotros ofrecemos una forma mejor.<\/p>\n\n  <h3>As\u00f3ciese con nosotros para obtener soluciones a medida<\/h3>\n  <p>Tanto si necesita maquinaria de reciclaje avanzada como una estrategia integral de gesti\u00f3n de residuos, nuestro equipo le ofrece soluciones industriales dise\u00f1adas para ser eficientes.<\/p>\n  \n  <ul class=\"eps-list\">\n    <li><strong>Tecnolog\u00eda de densificaci\u00f3n avanzada:<\/strong> Nuestro equipo comprime la espuma suelta en bloques densos (lingotes), reduciendo el volumen hasta en un 90:1.<\/li>\n    <li><strong>Convierta los residuos en ingresos:<\/strong> No pague por tirarlo. El EPS densificado es un producto valioso que puede venderse y reutilizarse en nuevos productos, como marcos de cuadros y molduras.<\/li>\n    <li><strong>Personalizado para su b\u00e1scula:<\/strong> Desde peque\u00f1os comercios minoristas hasta grandes instalaciones industriales, tenemos la soluci\u00f3n que mejor se adapta a sus necesidades.<\/li>\n    <li><strong>Plena conformidad y sostenibilidad:<\/strong> Alcance sus objetivos ESG corporativos y cumpla la normativa medioambiental local sin esfuerzo.<\/li>\n  <\/ul>\n\n  <div class=\"eps-card\" style=\"text-align: center; background-color: #f5fbf6; border-color: #62ab66;\">\n    <h2 style=\"margin-top: 0; color: #1d1d1f;\">\u00bfEst\u00e1 listo para optimizar su flujo de residuos?<\/h2>\n    <p>Deje de dejar que materiales valiosos llenen sus contenedores. Si tiene que procesar grandes vol\u00famenes de espuma de poliestireno, p\u00f3ngase en contacto con nuestros expertos hoy mismo. Perm\u00edtanos ayudarle a convertir un coste de eliminaci\u00f3n en un activo de sostenibilidad.<\/p>\n    <br>\n    <a href=\"\/es\/pages\/pongase-en-contacto-con\/\" class=\"eps-btn\">Obtenga su soluci\u00f3n de reciclaje personalizada<\/a>\n  <\/div>\n\n<\/div>","protected":false},"excerpt":{"rendered":"<p>Most people call it &#8220;Styrofoam,&#8221; but in the recycling industry, we know it as Expanded Polystyrene (EPS). While Styrofoam\u2122 is actually a trademarked brand for construction insulation, the white foam used in packaging and food containers is a material that poses a significant environmental challenge\u2014but also presents a tremendous opportunity. Did you know that EPS [&#8230;]\n","protected":false},"author":1,"featured_media":0,"parent":0,"menu_order":0,"comment_status":"closed","ping_status":"closed","template":"page-blank-title-center.php","meta":{"footnotes":""},"class_list":["post-1681","page","type-page","status-publish","hentry"],"_links":{"self":[{"href":"https:\/\/plastic-recycled.com\/es\/wp-json\/wp\/v2\/pages\/1681","targetHints":{"allow":["GET"]}}],"collection":[{"href":"https:\/\/plastic-recycled.com\/es\/wp-json\/wp\/v2\/pages"}],"about":[{"href":"https:\/\/plastic-recycled.com\/es\/wp-json\/wp\/v2\/types\/page"}],"author":[{"embeddable":true,"href":"https:\/\/plastic-recycled.com\/es\/wp-json\/wp\/v2\/users\/1"}],"replies":[{"embeddable":true,"href":"https:\/\/plastic-recycled.com\/es\/wp-json\/wp\/v2\/comments?post=1681"}],"version-history":[{"count":0,"href":"https:\/\/plastic-recycled.com\/es\/wp-json\/wp\/v2\/pages\/1681\/revisions"}],"wp:attachment":[{"href":"https:\/\/plastic-recycled.com\/es\/wp-json\/wp\/v2\/media?parent=1681"}],"curies":[{"name":"wp","href":"https:\/\/api.w.org\/{rel}","templated":true}]}}