{"id":87,"date":"2013-08-11T19:06:15","date_gmt":"2013-08-11T19:06:15","guid":{"rendered":"http:\/\/localhost:8888\/test\/?page_id=520"},"modified":"2024-06-16T20:32:20","modified_gmt":"2024-06-16T12:32:20","slug":"acerca-de","status":"publish","type":"page","link":"https:\/\/plastic-recycled.com\/es\/acerca-de\/","title":{"rendered":"Acerca de"},"content":{"rendered":"<div class=\"banner has-hover has-parallax\" id=\"banner-373965305\">\n          <div class=\"banner-inner fill\">\n        <div class=\"banner-bg fill\" data-parallax=\"-3\" data-parallax-container=\".banner\" data-parallax-background>\n            <img loading=\"lazy\" decoding=\"async\" width=\"1000\" height=\"650\" src=\"https:\/\/plastic-recycled.com\/wp-content\/uploads\/2016\/08\/dummy-2.jpg\" class=\"bg attachment-large size-large\" alt=\"\" \/>                        <div class=\"overlay\"><\/div>            \n                    <\/div>\n\t\t\n        <div class=\"banner-layers container\">\n            <div class=\"fill banner-link\"><\/div>            \n\n   <div id=\"text-box-677809560\" class=\"text-box banner-layer x50 md-x50 lg-x50 y80 md-y80 lg-y80 res-text\">\n                                <div class=\"text-box-content text dark\">\n              \n              <div class=\"text-inner text-center\">\n                  \n\n<h1 class=\"lead\">Sobre Nosotros<\/h1>\n<p>Damao \u2013 Su Socio en Protecci\u00f3n Sostenible<\/p>\n\n              <\/div>\n           <\/div>\n                            \n<style>\n#text-box-677809560 {\n  width: 60%;\n}\n#text-box-677809560 .text-box-content {\n  font-size: 100%;\n}\n<\/style>\n    <\/div>\n \n\n        <\/div>\n      <\/div>\n\n            \n<style>\n#banner-373965305 {\n  padding-top: 507px;\n}\n#banner-373965305 .overlay {\n  background-color: rgba(0, 0, 0, 0.49);\n}\n<\/style>\n  <\/div>\n\n\n<div class=\"row\"  id=\"row-2064174497\">\n\n\n\t<div id=\"col-903485586\" class=\"col small-12 large-12\"  >\n\t\t\t\t<div class=\"col-inner\"  >\n\t\t\t\n\t\t\t\n\n<div>Damao es un fabricante y proveedor l\u00edder de equipos de protecci\u00f3n personal (EPP) biodegradables de alta calidad y productos ecol\u00f3gicos. Reconocida a nivel mundial, nuestra marca es sin\u00f3nimo de compromiso con la excelencia y un servicio al cliente excepcional.<\/div>\n<div>\u00a0<\/div>\n<div>Con amplia experiencia en los sectores de limpieza, servicios de alimentos, procesamiento de alimentos, m\u00e9dico y ambiental, hemos establecido un legado de confiabilidad y calidad superior. Nuestros productos est\u00e1n elaborados con tecnolog\u00edas innovadoras y procesos estrictos de control de calidad para cumplir con los m\u00e1s altos est\u00e1ndares ambientales y de seguridad.<\/div>\n<div>\u00a0<\/div>\n<div>Nos enorgullecemos de nuestra flexibilidad y capacidad de respuesta ante las demandas \u00fanicas de nuestros clientes. Ya sea un pedido peque\u00f1o o una producci\u00f3n a gran escala, Damao est\u00e1 preparado para entregar puntualmente y superar sus expectativas.<\/div>\n<div>\u00a0<\/div>\n<div>En Damao, reconocemos la importancia crucial de la innovaci\u00f3n en un mercado competitivo. Avanzamos continuamente en nuestros esfuerzos de investigaci\u00f3n y desarrollo para ofrecerle productos biodegradables de vanguardia que no solo protegen a las personas, sino tambi\u00e9n al planeta.<\/div>\n<div>\u00a0<\/div>\n<div>Nuestra dedicaci\u00f3n hacia nuestros clientes es inquebrantable. Nos esforzamos por construir relaciones duraderas basadas en la confianza y el respeto mutuos. Elija Damao para todas sus necesidades de EPP ecol\u00f3gicos y disfrute de la tranquilidad de asociarse con una empresa que prioriza su seguridad y la integridad ambiental.<\/div>\n<div class=\"text-center\"><div class=\"is-divider divider clearfix\" ><\/div><\/div>\n\n\n\t\t<\/div>\n\t\t\t\t\t<\/div>\n\n\t\n\n<\/div>\n<div class=\"row\"  id=\"row-242786874\">\n\n\n\t<div id=\"col-1364260117\" class=\"col small-12 large-12\"  >\n\t\t\t\t<div class=\"col-inner\"  >\n\t\t\t\n\t\t\t\n\n<div class=\"video video-fit mb\" style=\"padding-top:56.25%;\"><iframe loading=\"lazy\" title=\"Nuestra F\u00e1brica Damao Protective\" width=\"1020\" height=\"574\" src=\"https:\/\/www.youtube.com\/embed\/wyFooeOQDSg?feature=oembed\" frameborder=\"0\" allow=\"accelerometer; autoplay; clipboard-write; encrypted-media; gyroscope; picture-in-picture; web-share\" referrerpolicy=\"strict-origin-when-cross-origin\" allowfullscreen><\/iframe><\/div>\n\n\n\t\t<\/div>\n\t\t\t\t\t<\/div>\n\n\t\n\n<\/div>","protected":false},"excerpt":{"rendered":"","protected":false},"author":1,"featured_media":9,"parent":0,"menu_order":0,"comment_status":"closed","ping_status":"closed","template":"page-transparent-header-light.php","meta":{"footnotes":""},"class_list":["post-87","page","type-page","status-publish","has-post-thumbnail","hentry"],"_links":{"self":[{"href":"https:\/\/plastic-recycled.com\/es\/wp-json\/wp\/v2\/pages\/87","targetHints":{"allow":["GET"]}}],"collection":[{"href":"https:\/\/plastic-recycled.com\/es\/wp-json\/wp\/v2\/pages"}],"about":[{"href":"https:\/\/plastic-recycled.com\/es\/wp-json\/wp\/v2\/types\/page"}],"author":[{"embeddable":true,"href":"https:\/\/plastic-recycled.com\/es\/wp-json\/wp\/v2\/users\/1"}],"replies":[{"embeddable":true,"href":"https:\/\/plastic-recycled.com\/es\/wp-json\/wp\/v2\/comments?post=87"}],"version-history":[{"count":0,"href":"https:\/\/plastic-recycled.com\/es\/wp-json\/wp\/v2\/pages\/87\/revisions"}],"wp:featuredmedia":[{"embeddable":true,"href":"https:\/\/plastic-recycled.com\/es\/wp-json\/wp\/v2\/media\/9"}],"wp:attachment":[{"href":"https:\/\/plastic-recycled.com\/es\/wp-json\/wp\/v2\/media?parent=87"}],"curies":[{"name":"wp","href":"https:\/\/api.w.org\/{rel}","templated":true}]}}