{"id":3,"date":"2024-06-16T19:26:30","date_gmt":"2024-06-16T11:26:30","guid":{"rendered":"http:\/\/plastic-recycled.com\/?page_id=3"},"modified":"2024-06-16T20:17:29","modified_gmt":"2024-06-16T12:17:29","slug":"politique-de-confidentialite","status":"publish","type":"page","link":"https:\/\/plastic-recycled.com\/fr\/politique-de-confidentialite\/","title":{"rendered":"Politique de confidentialit\u00e9"},"content":{"rendered":"<h2 class=\"wp-block-heading\">Qui sommes-nous<\/h2>\n\n\n<p><strong class=\"privacy-policy-tutorial\">Texte recommand\u00e9 : <\/strong>L'adresse de notre site est : http:\/\/plastic-recycled.com\u3002<\/p>\n\n\n<h2 class=\"wp-block-heading\">Commentaires<\/h2>\n\n\n<p><strong class=\"privacy-policy-tutorial\">Texte recommand\u00e9 : <\/strong>Lorsque les visiteurs laissent des commentaires, nous collectons les donn\u00e9es affich\u00e9es dans le formulaire de commentaires, ainsi que l'adresse IP du visiteur et la cha\u00eene User-Agent du navigateur pour aider \u00e0 v\u00e9rifier les commentaires ind\u00e9sirables.<\/p>\n\n\n<p>Anonymisation de l'adresse \u00e9lectronique (ou hachage) g\u00e9n\u00e9r\u00e9e \u00e0 partir de votre adresse \u00e9lectronique peut \u00eatre fournie au service Gravatar pour v\u00e9rifier si vous utilisez ce service. La politique de confidentialit\u00e9 du service Gravatar est disponible ici : https:\/\/automattic.com\/privacy\/. Votre photo de profil sera affich\u00e9e \u00e0 c\u00f4t\u00e9 de votre commentaire une fois votre commentaire approuv\u00e9.<\/p>\n\n\n<h2 class=\"wp-block-heading\">M\u00e9dias<\/h2>\n\n\n<p><strong class=\"privacy-policy-tutorial\">Texte recommand\u00e9 : <\/strong>Si vous t\u00e9l\u00e9chargez des images sur ce site, vous devriez \u00e9viter de t\u00e9l\u00e9charger des images qui contiennent des informations de g\u00e9olocalisation int\u00e9gr\u00e9es (EXIF GPS). Les visiteurs de ce site pourront t\u00e9l\u00e9charger et extraire les informations de localisation des images de ce site.<\/p>\n\n\n<h2 class=\"wp-block-heading\">Biscuits<\/h2>\n\n\n<p><strong class=\"privacy-policy-tutorial\">Texte recommand\u00e9 : <\/strong>Si vous laissez un commentaire sur notre site, vous pouvez choisir d'utiliser des Cookies pour sauvegarder votre nom, votre adresse \u00e9lectronique et l'adresse de votre site. Cela vous permet de ne pas avoir \u00e0 remplir \u00e0 nouveau ces informations lors de la publication de commentaires. Ces Cookies resteront en vigueur pendant un an.<\/p>\n\n\n<p>Si vous visitez notre page de connexion, nous param\u00e9trons un Cookie temporaire pour v\u00e9rifier si votre navigateur accepte les Cookies. Ce Cookie ne contient pas de donn\u00e9es personnelles et est supprim\u00e9 lorsque vous fermez votre navigateur.<\/p>\n\n\n<p>Lorsque vous vous connectez, nous param\u00e9trons plusieurs Cookies pour sauvegarder vos informations de connexion et vos options d'affichage de l'\u00e9cran. Les Cookies de connexion resteront en vigueur deux jours, tandis que les Cookies d'options d'affichage de l'\u00e9cran resteront en vigueur un an. Si vous choisissez 'Se souvenir de moi', votre \u00e9tat de connexion restera en vigueur deux semaines. Si vous vous d\u00e9connectez de votre compte, les Cookies de connexion seront supprim\u00e9s.<\/p>\n\n\n<p>Si vous modifiez ou publiez un article, nous sauvegarderons un Cookie suppl\u00e9mentaire dans votre navigateur. Ce Cookie ne contient pas de donn\u00e9es personnelles et ne enregistre que l'ID de l'article que vous avez r\u00e9cemment modifi\u00e9. Ce Cookie restera en vigueur un jour.<\/p>\n\n\n<h2 class=\"wp-block-heading\">Contenu int\u00e9gr\u00e9 provenant d'autres sites<\/h2>\n\n\n<p><strong class=\"privacy-policy-tutorial\">Texte recommand\u00e9 : <\/strong>Les articles sur ce site peuvent contenir du contenu int\u00e9gr\u00e9 (comme des vid\u00e9os, des images, des articles, etc.). Le comportement du contenu int\u00e9gr\u00e9 provenant d'autres sites est le m\u00eame que si vous acc\u00e9dez directement \u00e0 ces autres sites.<\/p>\n\n\n<p>Ces sites peuvent collecter des donn\u00e9es sur vous, utiliser des Cookies, int\u00e9grer des programmes de suivi tiers suppl\u00e9mentaires et surveiller vos interactions avec ce contenu int\u00e9gr\u00e9, y compris lorsque vous avez un compte sur l'un de ces sites et que vous y \u00eates connect\u00e9, et suivre vos interactions avec ce contenu int\u00e9gr\u00e9.<\/p>\n\n\n<h2 class=\"wp-block-heading\">Avec qui nous partageons vos informations<\/h2>\n\n\n<p><strong class=\"privacy-policy-tutorial\">Texte recommand\u00e9 : <\/strong>Si vous demandez \u00e0 r\u00e9initialiser votre mot de passe, votre adresse IP sera incluse dans l'e-mail de r\u00e9initialisation du mot de passe.<\/p>\n\n\n<h2 class=\"wp-block-heading\">Combien de temps nous conservons vos informations<\/h2>\n\n\n<p><strong class=\"privacy-policy-tutorial\">Texte recommand\u00e9 : <\/strong>Si vous laissez un commentaire, le commentaire et ses m\u00e9tadonn\u00e9es seront conserv\u00e9s ind\u00e9finiment. Nous le faisons pour pouvoir identifier et approuver automatiquement tout commentaire ult\u00e9rieur sans avoir \u00e0 les ajouter \u00e0 la file d'attente de mod\u00e9ration.<\/p>\n\n\n<p>Pour les utilisateurs enregistr\u00e9s de ce site, nous conservons \u00e9galement les informations personnelles fournies dans le profil utilisateur. Tous les utilisateurs peuvent consulter, modifier ou supprimer leurs informations personnelles \u00e0 tout moment (sauf le nom d'utilisateur, qui ne peut pas \u00eatre modifi\u00e9), et les administrateurs du site peuvent \u00e9galement consulter et modifier ces informations.<\/p>\n\n\n<h2 class=\"wp-block-heading\">Quels droits vous concernant vos informations<\/h2>\n\n\n<p><strong class=\"privacy-policy-tutorial\">Texte recommand\u00e9 : <\/strong>Si vous avez un compte sur ce site ou avez laiss\u00e9 des commentaires, vous pouvez demander \u00e0 recevoir un fichier d'exportation de vos donn\u00e9es personnelles que nous poss\u00e9dons, ce qui inclut toutes les donn\u00e9es que vous nous avez fournies. Vous pouvez \u00e9galement demander que nous effacions toutes les donn\u00e9es personnelles vous concernant. Cela ne comprend pas les donn\u00e9es que nous devons conserver pour des besoins de gestion, r\u00e9glementaires ou de s\u00e9curit\u00e9.<\/p>\n\n\n<h2 class=\"wp-block-heading\">O\u00f9 vos donn\u00e9es sont-elles envoy\u00e9es<\/h2>\n\n\n<p><strong class=\"privacy-policy-tutorial\">Texte recommand\u00e9 : <\/strong>Les commentaires des visiteurs peuvent \u00eatre v\u00e9rifi\u00e9s par un service de filtrage des commentaires ind\u00e9sirables automatique.<\/p>","protected":false},"excerpt":{"rendered":"<p>\u6211\u4eec\u662f\u8c01 \u63a8\u8350\u7684\u6587\u672c\uff1a \u6211\u4eec\u7684\u7ad9\u70b9\u5730\u5740\u662f\uff1ahttp:\/\/plastic-recycled.com\u3002 \u8bc4\u8bba \u63a8\u8350\u7684\u6587\u672c\uff1a \u5f53\u8bbf\u5ba2\u7559\u4e0b\u8bc4\u8bba\u65f6\uff0c\u6211\u4eec\u4f1a\u6536\u96c6\u8bc4\u8bba\u8868\u5355\u6240\u663e\u793a\u7684\u6570\u636e\uff0c\u548c\u8bbf\u5ba2\u7684 IP \u5730\u5740\u53ca\u6d4f\u89c8\u5668\u7684 User-Agent \u5b57\u7b26\u4e32\u6765\u5e2e\u52a9\u68c0\u67e5\u5783\u573e\u8bc4\u8bba\u3002 \u7531\u60a8\u7684\u7535\u5b50\u90ae\u7bb1\u5730\u5740\u6240\u751f\u6210\u7684\u533f\u540d\u5316\u5b57\u7b26\u4e32\uff08\u53c8\u79f0\u4e3a\u54c8\u5e0c\uff09\u53ef\u80fd\u4f1a\u88ab\u63d0\u4f9b\u7ed9 Gravatar \u670d\u52a1\u786e\u8ba4\u60a8\u662f\u5426\u6709\u4f7f\u7528\u8be5\u670d\u52a1\u3002 Gravatar \u670d\u52a1\u7684\u9690\u79c1\u653f\u7b56\u5728\u6b64\uff1ahttps:\/\/automattic.com\/privacy\/\u3002\u5728\u60a8\u7684\u8bc4\u8bba\u83b7\u6279\u51c6\u540e\uff0c\u60a8\u7684\u8d44\u6599\u56fe\u7247\u5c06\u5728\u60a8\u7684\u8bc4\u8bba\u65c1\u516c\u5f00\u5c55\u793a\u3002 \u5a92\u4f53 \u63a8\u8350\u7684\u6587\u672c\uff1a \u5982\u679c\u60a8\u5411\u6b64\u7f51\u7ad9\u4e0a\u4f20\u56fe\u7247\uff0c\u60a8\u5e94\u5f53\u907f\u514d\u4e0a\u4f20\u90a3\u4e9b\u6709\u5d4c\u5165\u5730\u7406\u4f4d\u7f6e\u4fe1\u606f\uff08EXIF GPS\uff09\u7684\u56fe\u7247\u3002\u6b64\u7f51\u7ad9\u7684\u8bbf\u5ba2\u5c06\u53ef\u4ee5\u4e0b\u8f7d\u5e76\u63d0\u53d6\u6b64\u7f51\u7ad9\u7684\u56fe\u7247\u4e2d\u7684\u4f4d\u7f6e\u4fe1\u606f\u3002 Cookies \u63a8\u8350\u7684\u6587\u672c\uff1a \u5982\u679c\u60a8\u5728\u6211\u4eec\u7684\u7ad9\u70b9\u4e0a\u7559\u4e0b\u8bc4\u8bba\uff0c\u60a8\u53ef\u4ee5\u9009\u62e9\u7528 Cookies \u4fdd\u5b58\u60a8\u7684\u540d\u5b57\u3001\u7535\u5b50\u90ae\u7bb1\u5730\u5740\u548c\u7f51\u7ad9\u5730\u5740\u3002\u8fd9\u662f\u901a\u8fc7\u8ba9\u60a8\u53ef\u4ee5\u4e0d\u7528\u5728\u8bc4\u8bba\u65f6\u518d\u6b21\u586b\u5199\u76f8\u5173\u5185\u5bb9\u800c\u5411\u60a8\u63d0\u4f9b\u65b9\u4fbf\u3002\u8fd9\u4e9b Cookies \u4f1a\u4fdd\u7559\u4e00\u5e74\u3002 \u5982\u679c\u60a8\u8bbf\u95ee\u6211\u4eec\u7684\u767b\u5f55\u9875\uff0c\u6211\u4eec\u4f1a\u8bbe\u7f6e\u4e00\u4e2a\u4e34\u65f6\u7684 Cookie \u6765\u786e\u8ba4\u60a8\u7684\u6d4f\u89c8\u5668\u662f\u5426\u63a5\u53d7 Cookies\u3002\u6b64 Cookie \u4e0d\u5305\u542b\u4e2a\u4eba\u6570\u636e\uff0c\u4e14\u4f1a\u5728\u60a8\u5173\u95ed\u6d4f\u89c8\u5668\u65f6\u88ab\u4e22\u5f03\u3002 \u5f53\u60a8\u767b\u5f55\u65f6\uff0c\u6211\u4eec\u4e5f\u4f1a\u8bbe\u7f6e\u591a\u4e2a Cookies \u6765\u4fdd\u5b58\u60a8\u7684\u767b\u5f55\u4fe1\u606f\u53ca\u5c4f\u5e55\u663e\u793a\u9009\u9879\u3002\u767b\u5f55 Cookies \u4f1a\u4fdd\u7559\u4e24\u5929\uff0c\u800c\u5c4f\u5e55\u663e\u793a\u9009\u9879 Cookies \u4f1a\u4fdd\u7559\u4e00\u5e74\u3002\u5982\u679c\u60a8\u9009\u62e9\u4e86\u300c\u8bb0\u4f4f\u6211\u300d\uff0c\u60a8\u7684\u767b\u5f55\u72b6\u6001\u5219\u4f1a\u4fdd\u7559\u4e24\u5468\u3002\u5982\u679c\u60a8\u6ce8\u9500\u767b\u9646\u4e86\u60a8\u7684\u8d26\u6237\uff0c\u7528\u4e8e\u767b\u5f55\u7684 Cookies \u5c06\u4f1a\u88ab\u79fb\u9664\u3002 \u5982\u679c\u60a8\u7f16\u8f91\u6216\u53d1\u5e03\u6587\u7ae0\uff0c\u6211\u4eec\u4f1a\u5728\u60a8\u7684\u6d4f\u89c8\u5668\u4e2d\u4fdd\u5b58\u4e00\u4e2a\u989d\u5916\u7684 Cookie\u3002\u8fd9\u4e2a Cookie \u4e0d\u5305\u542b\u4e2a\u4eba\u6570\u636e\u800c\u53ea\u8bb0\u5f55\u4e86\u60a8\u521a\u624d\u7f16\u8f91\u7684\u6587\u7ae0\u7684 ID\u3002\u8fd9\u4e2a Cookie \u4f1a\u4fdd\u7559\u4e00\u5929\u3002 \u6765\u81ea\u5176\u4ed6\u7f51\u7ad9\u7684\u5d4c\u5165\u5185\u5bb9 \u63a8\u8350\u7684\u6587\u672c\uff1a \u6b64\u7ad9\u70b9\u4e0a\u7684\u6587\u7ae0\u53ef\u80fd\u4f1a\u5305\u542b\u5d4c\u5165\u7684\u5185\u5bb9\uff08\u5982\u89c6\u9891\u3001\u56fe\u7247\u3001\u6587\u7ae0\u7b49\uff09\u3002\u6765\u81ea\u5176\u4ed6\u7ad9\u70b9\u7684\u5d4c\u5165\u5185\u5bb9\u7684\u884c\u4e3a\u548c\u60a8\u76f4\u63a5\u8bbf\u95ee\u8fd9\u4e9b\u5176\u4ed6\u7ad9\u70b9\u6ca1\u6709\u533a\u522b\u3002 \u8fd9\u4e9b\u7ad9\u70b9\u53ef\u80fd\u4f1a\u6536\u96c6\u5173\u4e8e\u60a8\u7684\u6570\u636e\u3001\u4f7f\u7528 Cookies \u3001\u5d4c\u5165\u989d\u5916\u7684\u7b2c\u4e09\u65b9\u8ddf\u8e2a\u7a0b\u5e8f\u53ca\u76d1\u89c6\u60a8\u4e0e\u8fd9\u4e9b\u5d4c\u5165\u5185\u5bb9\u7684\u4ea4\u4e92\uff0c\u5305\u62ec\u5728\u60a8\u6709\u8fd9\u4e9b\u7ad9\u70b9\u7684\u8d26\u6237\u5e76\u767b\u5f55\u4e86\u8fd9\u4e9b\u7ad9\u70b9\u65f6\uff0c\u8ddf\u8e2a\u60a8\u4e0e\u5d4c\u5165\u5185\u5bb9\u7684\u4ea4\u4e92\u3002 \u6211\u4eec\u4e0e\u8c01\u5171\u4eab\u60a8\u7684\u4fe1\u606f [&#8230;]\n","protected":false},"author":1,"featured_media":0,"parent":0,"menu_order":0,"comment_status":"closed","ping_status":"closed","template":"","meta":{"footnotes":""},"class_list":["post-3","page","type-page","status-publish","hentry"],"_links":{"self":[{"href":"https:\/\/plastic-recycled.com\/fr\/wp-json\/wp\/v2\/pages\/3","targetHints":{"allow":["GET"]}}],"collection":[{"href":"https:\/\/plastic-recycled.com\/fr\/wp-json\/wp\/v2\/pages"}],"about":[{"href":"https:\/\/plastic-recycled.com\/fr\/wp-json\/wp\/v2\/types\/page"}],"author":[{"embeddable":true,"href":"https:\/\/plastic-recycled.com\/fr\/wp-json\/wp\/v2\/users\/1"}],"replies":[{"embeddable":true,"href":"https:\/\/plastic-recycled.com\/fr\/wp-json\/wp\/v2\/comments?post=3"}],"version-history":[{"count":0,"href":"https:\/\/plastic-recycled.com\/fr\/wp-json\/wp\/v2\/pages\/3\/revisions"}],"wp:attachment":[{"href":"https:\/\/plastic-recycled.com\/fr\/wp-json\/wp\/v2\/media?parent=3"}],"curies":[{"name":"wp","href":"https:\/\/api.w.org\/{rel}","templated":true}]}}