{"id":87,"date":"2013-08-11T19:06:15","date_gmt":"2013-08-11T19:06:15","guid":{"rendered":"http:\/\/localhost:8888\/test\/?page_id=520"},"modified":"2024-06-16T20:32:20","modified_gmt":"2024-06-16T12:32:20","slug":"a-propos-de","status":"publish","type":"page","link":"https:\/\/plastic-recycled.com\/fr\/a-propos-de\/","title":{"rendered":"\u00c0 propos"},"content":{"rendered":"<div class=\"banner has-hover has-parallax\" id=\"banner-1482973957\">\n          <div class=\"banner-inner fill\">\n        <div class=\"banner-bg fill\" data-parallax=\"-3\" data-parallax-container=\".banner\" data-parallax-background>\n            <img loading=\"lazy\" decoding=\"async\" width=\"1000\" height=\"650\" src=\"https:\/\/plastic-recycled.com\/wp-content\/uploads\/2016\/08\/dummy-2.jpg\" class=\"bg attachment-large size-large\" alt=\"\" \/>                        <div class=\"overlay\"><\/div>            \n                    <\/div>\n\t\t\n        <div class=\"banner-layers container\">\n            <div class=\"fill banner-link\"><\/div>            \n\n   <div id=\"text-box-1751330839\" class=\"text-box banner-layer x50 md-x50 lg-x50 y80 md-y80 lg-y80 res-text\">\n                                <div class=\"text-box-content text dark\">\n              \n              <div class=\"text-inner text-center\">\n                  \n\n<h1 class=\"lead\">\u00c0 propos de nous<\/h1>\n<p>Damao \u2013 Votre partenaire en protection durable<\/p>\n\n              <\/div>\n           <\/div>\n                            \n<style>\n#text-box-1751330839 {\n  width: 60%;\n}\n#text-box-1751330839 .text-box-content {\n  font-size: 100%;\n}\n<\/style>\n    <\/div>\n \n\n        <\/div>\n      <\/div>\n\n            \n<style>\n#banner-1482973957 {\n  padding-top: 507px;\n}\n#banner-1482973957 .overlay {\n  background-color: rgba(0, 0, 0, 0.49);\n}\n<\/style>\n  <\/div>\n\n\n<div class=\"row\"  id=\"row-1664098722\">\n\n\n\t<div id=\"col-24075265\" class=\"col small-12 large-12\"  >\n\t\t\t\t<div class=\"col-inner\"  >\n\t\t\t\n\t\t\t\n\n<div>Damao est un fabricant et fournisseur de premier plan de \u00e9quipements de protection individuelle (EPI) biod\u00e9gradables de haute qualit\u00e9 et de produits \u00e9cologiques. Reconnu mondialement, notre marque est synonyme de d\u00e9vouement \u00e0 l'excellence et d'un service client exceptionnel.<\/div>\n<div>\u00a0<\/div>\n<div>Avec une exp\u00e9rience extensive dans les secteurs des services de nettoyage, des services alimentaires, de la transformation alimentaire, de la sant\u00e9 et de l'environnement, nous avons \u00e9tabli une r\u00e9putation de fiabilit\u00e9 et de qualit\u00e9 sup\u00e9rieure. Nos produits sont fabriqu\u00e9s \u00e0 l'aide de technologies innovantes et de processus de contr\u00f4le de la qualit\u00e9 stricts pour r\u00e9pondre aux normes environnementales et de s\u00e9curit\u00e9 les plus \u00e9lev\u00e9es.<\/div>\n<div>\u00a0<\/div>\n<div>Nous nous targuons de notre flexibilit\u00e9 et de notre r\u00e9activit\u00e9 aux exigences uniques de nos clients. Que ce soit une petite s\u00e9rie ou une production \u00e0 grande \u00e9chelle, Damao est \u00e9quip\u00e9 pour livrer rapidement et d\u00e9passer vos attentes.<\/div>\n<div>\u00a0<\/div>\n<div>Chez Damao, nous reconnaissons l'importance de l'innovation dans un march\u00e9 concurrentiel. Nous continuons \u00e0 avancer dans nos efforts de recherche et d\u00e9veloppement pour vous offrir des produits biod\u00e9gradables de pointe qui ne prot\u00e8gent pas seulement les gens mais aussi la plan\u00e8te.<\/div>\n<div>\u00a0<\/div>\n<div>Notre d\u00e9vouement \u00e0 nos clients est in\u00e9branlable. Nous nous effor\u00e7ons de tisser des relations durables bas\u00e9es sur la confiance et le respect mutuels. Choisissez Damao pour tous vos besoins en EPI \u00e9cologiques et profitez de la confiance de travailler avec une entreprise qui met votre s\u00e9curit\u00e9 et l'int\u00e9grit\u00e9 environnementale en priorit\u00e9.<\/div>\n<div class=\"text-center\"><div class=\"is-divider divider clearfix\" ><\/div><\/div>\n\n\n\t\t<\/div>\n\t\t\t\t\t<\/div>\n\n\t\n\n<\/div>\n<div class=\"row\"  id=\"row-2060133327\">\n\n\n\t<div id=\"col-195493389\" class=\"col small-12 large-12\"  >\n\t\t\t\t<div class=\"col-inner\"  >\n\t\t\t\n\t\t\t\n\n<div class=\"video video-fit mb\" style=\"padding-top:56.25%;\"><iframe loading=\"lazy\" title=\"Notre usine Damao Protective\" width=\"1020\" height=\"574\" src=\"https:\/\/www.youtube.com\/embed\/wyFooeOQDSg?feature=oembed\" frameborder=\"0\" allow=\"accelerometer; autoplay; clipboard-write; encrypted-media; gyroscope; picture-in-picture; web-share\" referrerpolicy=\"strict-origin-when-cross-origin\" allowfullscreen><\/iframe><\/div>\n\n\n\t\t<\/div>\n\t\t\t\t\t<\/div>\n\n\t\n\n<\/div>","protected":false},"excerpt":{"rendered":"","protected":false},"author":1,"featured_media":9,"parent":0,"menu_order":0,"comment_status":"closed","ping_status":"closed","template":"page-transparent-header-light.php","meta":{"footnotes":""},"class_list":["post-87","page","type-page","status-publish","has-post-thumbnail","hentry"],"_links":{"self":[{"href":"https:\/\/plastic-recycled.com\/fr\/wp-json\/wp\/v2\/pages\/87","targetHints":{"allow":["GET"]}}],"collection":[{"href":"https:\/\/plastic-recycled.com\/fr\/wp-json\/wp\/v2\/pages"}],"about":[{"href":"https:\/\/plastic-recycled.com\/fr\/wp-json\/wp\/v2\/types\/page"}],"author":[{"embeddable":true,"href":"https:\/\/plastic-recycled.com\/fr\/wp-json\/wp\/v2\/users\/1"}],"replies":[{"embeddable":true,"href":"https:\/\/plastic-recycled.com\/fr\/wp-json\/wp\/v2\/comments?post=87"}],"version-history":[{"count":0,"href":"https:\/\/plastic-recycled.com\/fr\/wp-json\/wp\/v2\/pages\/87\/revisions"}],"wp:featuredmedia":[{"embeddable":true,"href":"https:\/\/plastic-recycled.com\/fr\/wp-json\/wp\/v2\/media\/9"}],"wp:attachment":[{"href":"https:\/\/plastic-recycled.com\/fr\/wp-json\/wp\/v2\/media?parent=87"}],"curies":[{"name":"wp","href":"https:\/\/api.w.org\/{rel}","templated":true}]}}